{"id":9,"date":"2025-02-18T16:30:50","date_gmt":"2025-02-18T16:30:50","guid":{"rendered":"https:\/\/math-lab-gro.com.mx\/?page_id=9"},"modified":"2025-03-20T21:15:23","modified_gmt":"2025-03-20T21:15:23","slug":"miembros","status":"publish","type":"page","link":"https:\/\/math-lab-gro.com.mx\/?page_id=9","title":{"rendered":"Miembros"},"content":{"rendered":"\n<div class=\"wp-block-columns is-layout-flex wp-container-core-columns-is-layout-9d6595d7 wp-block-columns-is-layout-flex\">\n<div class=\"wp-block-column is-layout-flow wp-block-column-is-layout-flow\">\n<figure class=\"wp-block-image size-full\"><img loading=\"lazy\" decoding=\"async\" width=\"520\" height=\"300\" src=\"https:\/\/math-lab-gro.com.mx\/wp-content\/uploads\/2025\/03\/drfranciscoagular.jpg\" alt=\"\" class=\"wp-image-64\" srcset=\"https:\/\/math-lab-gro.com.mx\/wp-content\/uploads\/2025\/03\/drfranciscoagular.jpg 520w, https:\/\/math-lab-gro.com.mx\/wp-content\/uploads\/2025\/03\/drfranciscoagular-300x173.jpg 300w\" sizes=\"auto, (max-width: 520px) 100vw, 520px\" \/><\/figure>\n<\/div>\n\n\n\n<div class=\"wp-block-column is-layout-flow wp-block-column-is-layout-flow\">\n<p>El Dr. Jos\u00e9 Francisco G\u00f3mez Aguilar es un investigador mexicano en matem\u00e1ticas aplicadas. Ingeniero el\u00e9ctrico por la Universidad de Guanajuato, obtuvo su doctorado en f\u00edsica en 2012. Es especialista en c\u00e1lculo fraccionario, modelado de sistemas din\u00e1micos y control autom\u00e1tico. Con m\u00e1s de 323 art\u00edculos publicados y un \u00edndice h de 42, fue reconocido en 2022 como el matem\u00e1tico n\u00famero uno de M\u00e9xico. Actualmente es catedr\u00e1tico en Centro de Investigaci\u00f3n en Ingenier\u00eda y Ciencias Aplicadas, Universidad Aut\u00f3noma del Estado de Morelos y dirige m\u00faltiples proyectos de investigaci\u00f3n.<\/p>\n<\/div>\n<\/div>\n\n\n\n<div class=\"wp-block-columns is-layout-flex wp-container-core-columns-is-layout-9d6595d7 wp-block-columns-is-layout-flex\">\n<div class=\"wp-block-column is-layout-flow wp-block-column-is-layout-flow\">\n<p>El Dr. Luis Xavier Vivas Cruz es un ingeniero civil egresado del Instituto Tecnol\u00f3gico de Chilpancingo en 2012. Actualmente, se desempe\u00f1a como investigador en la Universidad Aut\u00f3noma de Guerrero, donde ha contribuido en \u00e1reas como la modelaci\u00f3n de flujo en acu\u00edferos de doble porosidad y la soluci\u00f3n num\u00e9rica de ecuaciones diferenciales fraccionarias. Ha participado en el desarrollo de m\u00e9todos num\u00e9ricos combinando el M\u00e9todo de Elementos Finitos (FEM) y la Transformada Inversa Num\u00e9rica de Laplace Hiperb\u00f3lica (Hyperbolic-NILT) para resolver modelos fraccionarios. Adem\u00e1s, ha aplicado t\u00e9cnicas de estimaci\u00f3n bayesiana utilizando el software Julia para mejorar la precisi\u00f3n en la modelaci\u00f3n de sistemas hidrogeol\u00f3gicos complejos.<\/p>\n<\/div>\n\n\n\n<div class=\"wp-block-column is-layout-flow wp-block-column-is-layout-flow\">\n<figure class=\"wp-block-image size-full\"><img loading=\"lazy\" decoding=\"async\" width=\"512\" height=\"512\" src=\"https:\/\/math-lab-gro.com.mx\/wp-content\/uploads\/2025\/03\/drLuis-Vivas-Cruz.jpg\" alt=\"\" class=\"wp-image-66\" srcset=\"https:\/\/math-lab-gro.com.mx\/wp-content\/uploads\/2025\/03\/drLuis-Vivas-Cruz.jpg 512w, https:\/\/math-lab-gro.com.mx\/wp-content\/uploads\/2025\/03\/drLuis-Vivas-Cruz-300x300.jpg 300w, https:\/\/math-lab-gro.com.mx\/wp-content\/uploads\/2025\/03\/drLuis-Vivas-Cruz-150x150.jpg 150w\" sizes=\"auto, (max-width: 512px) 100vw, 512px\" \/><\/figure>\n<\/div>\n<\/div>\n\n\n\n<div class=\"wp-block-columns is-layout-flex wp-container-core-columns-is-layout-9d6595d7 wp-block-columns-is-layout-flex\">\n<div class=\"wp-block-column is-layout-flow wp-block-column-is-layout-flow\">\n<figure class=\"wp-block-image size-large\"><img loading=\"lazy\" decoding=\"async\" width=\"1024\" height=\"576\" src=\"https:\/\/math-lab-gro.com.mx\/wp-content\/uploads\/2025\/03\/WhatsApp-Image-2025-03-19-at-1.22.10-PM-1024x576.jpeg\" alt=\"\" class=\"wp-image-80\" srcset=\"https:\/\/math-lab-gro.com.mx\/wp-content\/uploads\/2025\/03\/WhatsApp-Image-2025-03-19-at-1.22.10-PM-1024x576.jpeg 1024w, https:\/\/math-lab-gro.com.mx\/wp-content\/uploads\/2025\/03\/WhatsApp-Image-2025-03-19-at-1.22.10-PM-300x169.jpeg 300w, https:\/\/math-lab-gro.com.mx\/wp-content\/uploads\/2025\/03\/WhatsApp-Image-2025-03-19-at-1.22.10-PM-768x432.jpeg 768w, https:\/\/math-lab-gro.com.mx\/wp-content\/uploads\/2025\/03\/WhatsApp-Image-2025-03-19-at-1.22.10-PM.jpeg 1280w\" sizes=\"auto, (max-width: 1024px) 100vw, 1024px\" \/><\/figure>\n<\/div>\n\n\n\n<div class=\"wp-block-column is-layout-flow wp-block-column-is-layout-flow\">\n<p>El Dr. Jos\u00e9 Alfredo Gonz\u00e1lez Calder\u00f3n es investigador especializado en modelaci\u00f3n matem\u00e1tica, f\u00edsica de fluidos y ecuaciones diferenciales aplicadas a problemas de ingenier\u00eda y ciencias exactas. Actualmente es Investigador por M\u00e9xico en la Secretar\u00eda de Ciencia, Tecnolog\u00eda e Innovaci\u00f3n (SECIHTI), comisionado al Departamento de Ingenier\u00eda Geom\u00e1tica e Hidr\u00e1ulica de la Universidad de Guanajuato. Obtuvo su doctorado en Ciencias (F\u00edsica) por la Universidad Aut\u00f3noma Metropolitana, Unidad Iztapalapa (UAM-I), y realiz\u00f3 una estancia posdoctoral en el Instituto Mexicano del Petr\u00f3leo (IMP). Su trabajo abarca m\u00e9todos num\u00e9ricos, ecuaciones diferenciales fraccionarias y simulaci\u00f3n de flujos en yacimientos y acu\u00edferos. Actualmente explora la integraci\u00f3n de m\u00e9todos de inteligencia artificial y gemelos digitales en el desarrollo de software avanzado de simulaci\u00f3n, orientado a la toma de decisiones en tiempo real para aplicaciones de ingenier\u00eda.<\/p>\n<\/div>\n<\/div>\n\n\n\n<div class=\"wp-block-columns is-layout-flex wp-container-core-columns-is-layout-9d6595d7 wp-block-columns-is-layout-flex\">\n<div class=\"wp-block-column is-layout-flow wp-block-column-is-layout-flow\">\n<p>La Dra. Celia Mart\u00ednez L\u00e1zaro es investigadora en la Universidad Aut\u00f3noma de Guerrero, donde dirige a dos tesistas de licenciatura en Matem\u00e1ticas y la Maestr\u00eda en Matem\u00e1tica Aplicada. Obtuvo su doctorado en el Centro de Ingenier\u00eda y Desarrollo Industrial (CIDESI) y se especializa en modelado matem\u00e1tico y m\u00e9todos num\u00e9ricos. Su trabajo se enfoca en resolver problemas aplicados mediante ecuaciones diferenciales y simulaciones computacionales.<\/p>\n<\/div>\n\n\n\n<div class=\"wp-block-column is-layout-flow wp-block-column-is-layout-flow\">\n<figure class=\"wp-block-image size-full is-resized\"><img loading=\"lazy\" decoding=\"async\" width=\"200\" height=\"200\" src=\"https:\/\/math-lab-gro.com.mx\/wp-content\/uploads\/2025\/03\/drceliamartinez.jpeg\" alt=\"\" class=\"wp-image-68\" style=\"width:343px;height:auto\" srcset=\"https:\/\/math-lab-gro.com.mx\/wp-content\/uploads\/2025\/03\/drceliamartinez.jpeg 200w, https:\/\/math-lab-gro.com.mx\/wp-content\/uploads\/2025\/03\/drceliamartinez-150x150.jpeg 150w\" sizes=\"auto, (max-width: 200px) 100vw, 200px\" \/><\/figure>\n<\/div>\n<\/div>\n\n\n\n<div class=\"wp-block-columns is-layout-flex wp-container-core-columns-is-layout-9d6595d7 wp-block-columns-is-layout-flex\">\n<div class=\"wp-block-column is-layout-flow wp-block-column-is-layout-flow\">\n<figure class=\"wp-block-image size-large\"><img loading=\"lazy\" decoding=\"async\" width=\"1024\" height=\"768\" src=\"https:\/\/math-lab-gro.com.mx\/wp-content\/uploads\/2025\/03\/drBricio-1024x768.jpg\" alt=\"\" class=\"wp-image-70\" srcset=\"https:\/\/math-lab-gro.com.mx\/wp-content\/uploads\/2025\/03\/drBricio-1024x768.jpg 1024w, https:\/\/math-lab-gro.com.mx\/wp-content\/uploads\/2025\/03\/drBricio-300x225.jpg 300w, https:\/\/math-lab-gro.com.mx\/wp-content\/uploads\/2025\/03\/drBricio-768x576.jpg 768w, https:\/\/math-lab-gro.com.mx\/wp-content\/uploads\/2025\/03\/drBricio.jpg 1280w\" sizes=\"auto, (max-width: 1024px) 100vw, 1024px\" \/><\/figure>\n<\/div>\n\n\n\n<div class=\"wp-block-column is-layout-flow wp-block-column-is-layout-flow\">\n<p>El Dr. Bricio Cuahutenango Barro es un matem\u00e1tico mexicano especializado en ecuaciones diferenciales fraccionarias y sus aplicaciones en la modelaci\u00f3n de fen\u00f3menos f\u00edsicos. Obtuvo su maestr\u00eda en Matem\u00e1ticas Aplicadas por la Universidad Aut\u00f3noma de Guerrero (UAGro) en 2018. Actualmente, se desempe\u00f1a como investigador en el Departamento de Matem\u00e1ticas de la UAGro, donde ha centrado su investigaci\u00f3n en el estudio de ecuaciones de onda fraccionarias con efectos de memoria y procesos de transporte de solutos en medios porosos. Ha publicado seis art\u00edculos cient\u00edficos que han recibido 92 citas, destacando su trabajo sobre soluciones anal\u00edticas de ecuaciones de onda fraccionarias utilizando derivadas fraccionarias con n\u00facleos exponenciales.<\/p>\n<\/div>\n<\/div>\n\n\n\n<div class=\"wp-block-columns is-layout-flex wp-container-core-columns-is-layout-9d6595d7 wp-block-columns-is-layout-flex\">\n<div class=\"wp-block-column is-layout-flow wp-block-column-is-layout-flow\">\n<p>El Dr. V\u00edctor Fabi\u00e1n Morales Delgado es un matem\u00e1tico mexicano especializado en c\u00e1lculo fraccionario y farmacocin\u00e9tica. Actualmente, es profesor en la Facultad de Matem\u00e1ticas de la Universidad Aut\u00f3noma de Guerrero, en Chilpancingo, Guerrero, M\u00e9xico. Su trabajo se centra en la aplicaci\u00f3n de operadores fraccionarios sin n\u00facleo singular a circuitos el\u00e9ctricos lineales y en la modelaci\u00f3n de la difusi\u00f3n de ox\u00edgeno desde capilares hacia tejidos. Ha publicado 25 art\u00edculos cient\u00edficos que han sido citados m\u00e1s de 1,100 veces, destacando sus contribuciones en ecuaciones diferenciales fraccionarias y sus aplicaciones en sistemas f\u00edsicos y biol\u00f3gicos.<\/p>\n<\/div>\n\n\n\n<div class=\"wp-block-column is-layout-flow wp-block-column-is-layout-flow\">\n<figure class=\"wp-block-image size-full\"><img loading=\"lazy\" decoding=\"async\" width=\"512\" height=\"512\" src=\"https:\/\/math-lab-gro.com.mx\/wp-content\/uploads\/2025\/03\/drVictor-Morales-Delgado.jpg\" alt=\"\" class=\"wp-image-71\" srcset=\"https:\/\/math-lab-gro.com.mx\/wp-content\/uploads\/2025\/03\/drVictor-Morales-Delgado.jpg 512w, https:\/\/math-lab-gro.com.mx\/wp-content\/uploads\/2025\/03\/drVictor-Morales-Delgado-300x300.jpg 300w, https:\/\/math-lab-gro.com.mx\/wp-content\/uploads\/2025\/03\/drVictor-Morales-Delgado-150x150.jpg 150w\" sizes=\"auto, (max-width: 512px) 100vw, 512px\" \/><\/figure>\n<\/div>\n<\/div>\n\n\n\n<div class=\"wp-block-columns is-layout-flex wp-container-core-columns-is-layout-9d6595d7 wp-block-columns-is-layout-flex\">\n<div class=\"wp-block-column is-layout-flow wp-block-column-is-layout-flow\">\n<figure class=\"wp-block-image size-full\"><img loading=\"lazy\" decoding=\"async\" width=\"350\" height=\"350\" src=\"https:\/\/math-lab-gro.com.mx\/wp-content\/uploads\/2025\/03\/CarlosCarretillo.jpeg\" alt=\"\" class=\"wp-image-73\" srcset=\"https:\/\/math-lab-gro.com.mx\/wp-content\/uploads\/2025\/03\/CarlosCarretillo.jpeg 350w, https:\/\/math-lab-gro.com.mx\/wp-content\/uploads\/2025\/03\/CarlosCarretillo-300x300.jpeg 300w, https:\/\/math-lab-gro.com.mx\/wp-content\/uploads\/2025\/03\/CarlosCarretillo-150x150.jpeg 150w\" sizes=\"auto, (max-width: 350px) 100vw, 350px\" \/><\/figure>\n<\/div>\n\n\n\n<div class=\"wp-block-column is-layout-flow wp-block-column-is-layout-flow\">\n<p>Carlos David Carretillo Moctezuma es un ingeniero agr\u00f3nomo fitotecnista mexicano, egresado del Colegio Superior Agropecuario del Estado de Guerrero en 2021. Posteriormente, curs\u00f3 una Maestr\u00eda en Matem\u00e1ticas Aplicadas con especializaci\u00f3n en modelaci\u00f3n estad\u00edstica entre 2021 y 2023. Su experiencia profesional incluye investigaciones sobre fitopatolog\u00eda, destacando la identificaci\u00f3n de Colletotrichum truncatum causando antracnosis en Echeveria gibbiflora en M\u00e9xico, as\u00ed como la detecci\u00f3n de Rhizoctonia solani AG 2-1 afectando Hymenocallis glauca. Adem\u00e1s, ha contribuido en el desarrollo de modelos estad\u00edsticos aplicados a nuevos genotipos de Saccharum spp. Actualmente es estudiante de Doctorado en Matem\u00e1tica, en la Universidad Aut\u00f3noma de Guerrero.<\/p>\n<\/div>\n<\/div>\n","protected":false},"excerpt":{"rendered":"<p>El Dr. Jos\u00e9 Francisco G\u00f3mez Aguilar es un investigador mexicano en matem\u00e1ticas aplicadas. Ingeniero el\u00e9ctrico por la Universidad de Guanajuato, obtuvo su doctorado en f\u00edsica en 2012. Es especialista en c\u00e1lculo fraccionario, modelado de sistemas din\u00e1micos y control autom\u00e1tico. Con m\u00e1s de 323 art\u00edculos publicados y un \u00edndice h de 42, fue reconocido en 2022 [&hellip;]<\/p>\n","protected":false},"author":1,"featured_media":0,"parent":0,"menu_order":0,"comment_status":"closed","ping_status":"closed","template":"","meta":{"footnotes":""},"class_list":["post-9","page","type-page","status-publish","hentry"],"_links":{"self":[{"href":"https:\/\/math-lab-gro.com.mx\/index.php?rest_route=\/wp\/v2\/pages\/9","targetHints":{"allow":["GET"]}}],"collection":[{"href":"https:\/\/math-lab-gro.com.mx\/index.php?rest_route=\/wp\/v2\/pages"}],"about":[{"href":"https:\/\/math-lab-gro.com.mx\/index.php?rest_route=\/wp\/v2\/types\/page"}],"author":[{"embeddable":true,"href":"https:\/\/math-lab-gro.com.mx\/index.php?rest_route=\/wp\/v2\/users\/1"}],"replies":[{"embeddable":true,"href":"https:\/\/math-lab-gro.com.mx\/index.php?rest_route=%2Fwp%2Fv2%2Fcomments&post=9"}],"version-history":[{"count":10,"href":"https:\/\/math-lab-gro.com.mx\/index.php?rest_route=\/wp\/v2\/pages\/9\/revisions"}],"predecessor-version":[{"id":82,"href":"https:\/\/math-lab-gro.com.mx\/index.php?rest_route=\/wp\/v2\/pages\/9\/revisions\/82"}],"wp:attachment":[{"href":"https:\/\/math-lab-gro.com.mx\/index.php?rest_route=%2Fwp%2Fv2%2Fmedia&parent=9"}],"curies":[{"name":"wp","href":"https:\/\/api.w.org\/{rel}","templated":true}]}}