{"id":21,"date":"2025-02-18T16:56:01","date_gmt":"2025-02-18T16:56:01","guid":{"rendered":"https:\/\/math-lab-gro.com.mx\/?page_id=21"},"modified":"2025-03-19T02:42:42","modified_gmt":"2025-03-19T02:42:42","slug":"front_page","status":"publish","type":"page","link":"https:\/\/math-lab-gro.com.mx\/","title":{"rendered":"Inicio"},"content":{"rendered":"\n\n\n<p><\/p>\n\n\n\n<div class=\"wp-block-columns is-layout-flex wp-container-core-columns-is-layout-9d6595d7 wp-block-columns-is-layout-flex\">\n<div class=\"wp-block-column is-layout-flow wp-block-column-is-layout-flow\">\n<figure class=\"wp-block-gallery has-nested-images columns-default is-cropped wp-block-gallery-1 is-layout-flex wp-block-gallery-is-layout-flex\">\n<figure class=\"wp-block-image size-large is-style-rounded\"><img loading=\"lazy\" decoding=\"async\" width=\"350\" height=\"388\" data-id=\"53\" src=\"https:\/\/math-lab-gro.com.mx\/wp-content\/uploads\/2025\/02\/perfil-1.webp\" alt=\"\" class=\"wp-image-53\" srcset=\"https:\/\/math-lab-gro.com.mx\/wp-content\/uploads\/2025\/02\/perfil-1.webp 350w, https:\/\/math-lab-gro.com.mx\/wp-content\/uploads\/2025\/02\/perfil-1-271x300.webp 271w\" sizes=\"auto, (max-width: 350px) 100vw, 350px\" \/><\/figure>\n<\/figure>\n\n\n\n<p>Coordinador General<\/p>\n\n\n\n<p>M.Sc. Camilo Mora Batista<\/p>\n\n\n\n<p class=\"has-text-align-center\">Naci\u00f3 el 17 de noviembre del 1992, en la ciudad de Holgu\u00edn, Cuba. Graduado de Licenciatura en Matem\u00e1ticas en el 2015 por la universidad de Holgu\u00edn. M\u00e1ster en Educaci\u00f3n Matem\u00e1tica Universitaria en el 2017, por la Universidad de Holgu\u00edn. Desde el 2015 hasta el 2021 se desempe\u00f1o como profesor asistente en la Universidad de Holgu\u00edn. M\u00e1ster en Ciencias Matem\u00e1ticas en el 2019 por la Universidad de la Habana, Cuba. M\u00e1ster en Matem\u00e1tica Aplicada en el 2024 por la Universidad Aut\u00f3noma de Guerrero. Ha publicado varios art\u00edculos en la Journal Citation Report. Actualmente es investigador en matem\u00e1ticas. <\/p>\n\n\n\n<p><\/p>\n<\/div>\n\n\n\n<div class=\"wp-block-column is-layout-flow wp-block-column-is-layout-flow\">\n<figure class=\"wp-block-image size-full is-resized is-style-rounded\"><img loading=\"lazy\" decoding=\"async\" width=\"350\" height=\"478\" src=\"https:\/\/math-lab-gro.com.mx\/wp-content\/uploads\/2025\/02\/Dr.Marco_.webp\" alt=\"\" class=\"wp-image-54\" style=\"width:332px;height:auto\" srcset=\"https:\/\/math-lab-gro.com.mx\/wp-content\/uploads\/2025\/02\/Dr.Marco_.webp 350w, https:\/\/math-lab-gro.com.mx\/wp-content\/uploads\/2025\/02\/Dr.Marco_-220x300.webp 220w\" sizes=\"auto, (max-width: 350px) 100vw, 350px\" \/><\/figure>\n\n\n\n<p>L\u00edder Cient\u00edfico. <\/p>\n\n\n\n<p>Dr. Marco Antonio Taneco Hern\u00e1ndez  <\/p>\n\n\n\n<p class=\"has-text-align-center\">Profesor Titular A de tiempo completo en la Facultad de Matem\u00e1ticas de la Universidad Aut\u00f3noma de Guerrero. Es Licenciado en Matem\u00e1ticas Aplicadas, Maestro en Matem\u00e1ticas y Doctor en Ciencias (Matem\u00e1ticas). Ha realizado estancias de investigaci\u00f3n en Austria, Inglaterra, Colombia y M\u00e9xico. Es miembro del Sistema Nacional de Investigadores (Nivel 2) y del Registro CONACYT de Evaluadores Acreditados. Ha publicado m\u00e1s de 25 art\u00edculos cient\u00edficos en revistas internacionales y es fundador de la red de colaboraci\u00f3n en c\u00e1lculo fraccionario. Tambi\u00e9n participa en proyectos financiados por CONACyT y UAGro, imparte cursos de licenciatura y posgrado, y su investigaci\u00f3n se enfoca en an\u00e1lisis matem\u00e1tico, ecuaciones diferenciales y modelaci\u00f3n matem\u00e1tica.<\/p>\n\n\n\n<p><\/p>\n<\/div>\n<\/div>\n\n\n\n<div class=\"wp-block-columns is-layout-flex wp-container-core-columns-is-layout-9d6595d7 wp-block-columns-is-layout-flex\">\n<div class=\"wp-block-column is-layout-flow wp-block-column-is-layout-flow\">\n<p>Misi\u00f3n<\/p>\n\n\n\n<p>La vocaci\u00f3n del grupo es construir enlaces de vinculaci\u00f3n de las matem\u00e1ticas y sus aplicaciones con los diversos sectores de la sociedad a trav\u00e9s de la aportaci\u00f3n de conocimiento y desarrollo tecnol\u00f3gico.<\/p>\n\n\n\n<p>Objetivos<\/p>\n\n\n\n<ul class=\"wp-block-list\">\n<li>Generar, transmitir y aplicar conocimientos especializados<\/li>\n\n\n\n<li>Promover el reconocimiento de las matem\u00e1ticas como una herramienta confiable y eficaz<\/li>\n\n\n\n<li>Desarrollar aplicaciones, tecnolog\u00edas y materiales<\/li>\n\n\n\n<li>Impulsar el desarrollo social, regional y nacional<\/li>\n\n\n\n<li>Formar capital humano especializado<\/li>\n\n\n\n<li>Generar conocimiento cient\u00edfico e investigaci\u00f3n b\u00e1sica y aplicada<\/li>\n\n\n\n<li>Potenciar el impacto social<\/li>\n<\/ul>\n\n\n\n<p>Actividades<\/p>\n\n\n\n<ul class=\"wp-block-list\">\n<li>Desarrollar modelos matem\u00e1tico-computacionales<\/li>\n\n\n\n<li>Vincularse con sectores de la sociedad<\/li>\n\n\n\n<li>Realizar investigaci\u00f3n<\/li>\n\n\n\n<li>Transferir tecnolog\u00eda de manera efectiva.<\/li>\n\n\n\n<li>Realizar actividades de divulgaci\u00f3n<\/li>\n\n\n\n<li>Realizar talleres educativos<\/li>\n\n\n\n<li>Realizar colaboraciones interdisciplinarias<\/li>\n<\/ul>\n<\/div>\n\n\n\n<div class=\"wp-block-column is-layout-flow wp-block-column-is-layout-flow\">\n<p>Visi\u00f3n<\/p>\n\n\n\n<p>Desarrollar investigaci\u00f3n de alto nivel en matem\u00e1ticas y sus aplicaciones, coadyuvando en el an\u00e1lisis y generaci\u00f3n de soluciones a problemas reales. Difusi\u00f3n de sus investigaciones, del conocimiento matem\u00e1tico y de la cultura en la sociedad.<\/p>\n\n\n\n<p>Visi\u00f3n de investigaci\u00f3n<\/p>\n\n\n\n<ul class=\"wp-block-list\">\n<li>Ser un grupo de vanguardia internacional en el modelado matem\u00e1tico&nbsp;<\/li>\n\n\n\n<li>Generar conocimiento cient\u00edfico a trav\u00e9s de la investigaci\u00f3n&nbsp;<\/li>\n\n\n\n<li>Integrar investigadores de matem\u00e1tica b\u00e1sica y aplicada con grupos de trabajo de otras \u00e1reas<\/li>\n<\/ul>\n\n\n\n<p>Visi\u00f3n de soluciones<\/p>\n\n\n\n<ul class=\"wp-block-list\">\n<li>Consolidar a el Grupo como una instancia generadora de soluciones con alto valor cient\u00edfico y tecnol\u00f3gico&nbsp;<\/li>\n\n\n\n<li>Transformar datos en conocimiento para el impacto social, tecnol\u00f3gico y empresarial.<\/li>\n<\/ul>\n\n\n\n<p>Visi\u00f3n de colaboraci\u00f3n&nbsp;<\/p>\n\n\n\n<ul class=\"wp-block-list\">\n<li>Trabajar interdisciplinariamente en investigaci\u00f3n<\/li>\n\n\n\n<li>Promover una movilidad continua de los integrantes del Grupo<\/li>\n\n\n\n<li>Fortalecer la gesti\u00f3n interna, la generaci\u00f3n de valor, la b\u00fasqueda innovadora de mercados y la sustentabilidad<\/li>\n<\/ul>\n<\/div>\n<\/div>\n\n\n\n\n\n\n\n\n\n\n\n\n\n\n\n\n\n\n","protected":false},"excerpt":{"rendered":"<p>Coordinador General M.Sc. Camilo Mora Batista Naci\u00f3 el 17 de noviembre del 1992, en la ciudad de Holgu\u00edn, Cuba. Graduado de Licenciatura en Matem\u00e1ticas en el 2015 por la universidad de Holgu\u00edn. M\u00e1ster en Educaci\u00f3n Matem\u00e1tica Universitaria en el 2017, por la Universidad de Holgu\u00edn. Desde el 2015 hasta el 2021 se desempe\u00f1o como profesor [&hellip;]<\/p>\n","protected":false},"author":1,"featured_media":0,"parent":0,"menu_order":0,"comment_status":"closed","ping_status":"closed","template":"","meta":{"footnotes":""},"class_list":["post-21","page","type-page","status-publish","hentry"],"_links":{"self":[{"href":"https:\/\/math-lab-gro.com.mx\/index.php?rest_route=\/wp\/v2\/pages\/21","targetHints":{"allow":["GET"]}}],"collection":[{"href":"https:\/\/math-lab-gro.com.mx\/index.php?rest_route=\/wp\/v2\/pages"}],"about":[{"href":"https:\/\/math-lab-gro.com.mx\/index.php?rest_route=\/wp\/v2\/types\/page"}],"author":[{"embeddable":true,"href":"https:\/\/math-lab-gro.com.mx\/index.php?rest_route=\/wp\/v2\/users\/1"}],"replies":[{"embeddable":true,"href":"https:\/\/math-lab-gro.com.mx\/index.php?rest_route=%2Fwp%2Fv2%2Fcomments&post=21"}],"version-history":[{"count":9,"href":"https:\/\/math-lab-gro.com.mx\/index.php?rest_route=\/wp\/v2\/pages\/21\/revisions"}],"predecessor-version":[{"id":79,"href":"https:\/\/math-lab-gro.com.mx\/index.php?rest_route=\/wp\/v2\/pages\/21\/revisions\/79"}],"wp:attachment":[{"href":"https:\/\/math-lab-gro.com.mx\/index.php?rest_route=%2Fwp%2Fv2%2Fmedia&parent=21"}],"curies":[{"name":"wp","href":"https:\/\/api.w.org\/{rel}","templated":true}]}}