{"id":2,"date":"2025-02-12T19:49:20","date_gmt":"2025-02-12T19:49:20","guid":{"rendered":"https:\/\/math-lab-gro.com.mx\/?page_id=2"},"modified":"2025-02-18T16:28:08","modified_gmt":"2025-02-18T16:28:08","slug":"sample-page","status":"publish","type":"page","link":"https:\/\/math-lab-gro.com.mx\/?page_id=2","title":{"rendered":"Resumen"},"content":{"rendered":"\n<p>El equipo multidisciplinario de C\u00e1lculo, An\u00e1lisis y Procesamiento de Datos Biol\u00f3gicos y Ecosistemas, conocido de forma abreviada como MATH-LAB-GroMx, centra su atenci\u00f3n en cuatro \u00e1reas de investigaci\u00f3n. Directriz 1: Modelos matem\u00e1ticos para predecir la din\u00e1mica de fen\u00f3menos biol\u00f3gicos y ecosist\u00e9micos. En este \u00e1mbito, los proyectos de investigaci\u00f3n se enfocan en desarrollar ecuaciones apoyadas en determinadas estructuras matem\u00e1ticas, tales como Ecuaciones Diferenciales de diferentes categor\u00edas, y la Teor\u00eda topol\u00f3gica que permite describir datos como conjuntos o espacios abstractos. Se busca crear herramientas que faciliten la comprensi\u00f3n y predicci\u00f3n de fen\u00f3menos naturales diversos. Directriz 2: En este campo, se revisan, perfeccionan y optimizan enfoques o m\u00e9todos matem\u00e1ticos, incluyendo problemas de optimizaci\u00f3n convexa, Espacios Duales, Teor\u00eda de aproximaci\u00f3n, Estimaci\u00f3n estad\u00edstica, y m\u00e9todos de optimizaci\u00f3n tanto en situaciones con restricciones como en aquellas sin ellas, para problemas<strong> <\/strong>lineales y no lineales. Directriz 3: An\u00e1lisis y procesamiento de datos. En este sector, se utilizan recursos matem\u00e1ticos tanto supervisados como no supervisados (Modelos de inteligencia artificial) para caracterizar el comportamiento de los datos (se\u00f1ales, im\u00e1genes, mediciones o series temporales) con el objetivo de extraer las caracter\u00edsticas o propiedades de los casos bajo estudio. Directriz 4: Creaci\u00f3n de tecnolog\u00eda para medici\u00f3n y experimentaci\u00f3n. Esta \u00e1rea se concentra en el avance tecnol\u00f3gico de dispositivos de hardware, contribuyendo as\u00ed a la experimentaci\u00f3n. Se desarrollan instrumentos de medici\u00f3n utilizando Arduino, Zolertia, Open BCI y sensores, apoyados por un software desarrollado por el propio grupo investigador.<\/p>\n\n\n\n<p><\/p>\n\n\n\n<p><\/p>\n","protected":false},"excerpt":{"rendered":"<p>El equipo multidisciplinario de C\u00e1lculo, An\u00e1lisis y Procesamiento de Datos Biol\u00f3gicos y Ecosistemas, conocido de forma abreviada como MATH-LAB-GroMx, centra su atenci\u00f3n en cuatro \u00e1reas de investigaci\u00f3n. Directriz 1: Modelos matem\u00e1ticos para predecir la din\u00e1mica de fen\u00f3menos biol\u00f3gicos y ecosist\u00e9micos. En este \u00e1mbito, los proyectos de investigaci\u00f3n se enfocan en desarrollar ecuaciones apoyadas en determinadas [&hellip;]<\/p>\n","protected":false},"author":1,"featured_media":0,"parent":0,"menu_order":0,"comment_status":"closed","ping_status":"open","template":"","meta":{"footnotes":""},"class_list":["post-2","page","type-page","status-publish","hentry"],"_links":{"self":[{"href":"https:\/\/math-lab-gro.com.mx\/index.php?rest_route=\/wp\/v2\/pages\/2","targetHints":{"allow":["GET"]}}],"collection":[{"href":"https:\/\/math-lab-gro.com.mx\/index.php?rest_route=\/wp\/v2\/pages"}],"about":[{"href":"https:\/\/math-lab-gro.com.mx\/index.php?rest_route=\/wp\/v2\/types\/page"}],"author":[{"embeddable":true,"href":"https:\/\/math-lab-gro.com.mx\/index.php?rest_route=\/wp\/v2\/users\/1"}],"replies":[{"embeddable":true,"href":"https:\/\/math-lab-gro.com.mx\/index.php?rest_route=%2Fwp%2Fv2%2Fcomments&post=2"}],"version-history":[{"count":2,"href":"https:\/\/math-lab-gro.com.mx\/index.php?rest_route=\/wp\/v2\/pages\/2\/revisions"}],"predecessor-version":[{"id":8,"href":"https:\/\/math-lab-gro.com.mx\/index.php?rest_route=\/wp\/v2\/pages\/2\/revisions\/8"}],"wp:attachment":[{"href":"https:\/\/math-lab-gro.com.mx\/index.php?rest_route=%2Fwp%2Fv2%2Fmedia&parent=2"}],"curies":[{"name":"wp","href":"https:\/\/api.w.org\/{rel}","templated":true}]}}